{"id":278,"date":"2016-10-12T11:38:32","date_gmt":"2016-10-12T11:38:32","guid":{"rendered":"http:\/\/aposterzing.wpengine.com\/it\/?page_id=278"},"modified":"2025-01-07T08:24:50","modified_gmt":"2025-01-07T08:24:50","slug":"orari-di-apertura","status":"publish","type":"page","link":"https:\/\/www.apothekesterzing.com\/it\/orari-di-apertura\/","title":{"rendered":"Orari di apertura"},"content":{"rendered":"<p style=\"text-align: center;\">Benvenuto nella farmacia citt\u00e0 di Vipetino. Siamo a disposizione negli seguenti orari di apertura. Attendiamo con ansia la sua visita!<\/p>\n<h2 style=\"text-align: left;\">Orari di apertura:<\/h2>\n<p><strong style=\"float: left; width: 120px;\">Luned\u00ec:<\/strong><\/p>\n<p>dalle 08:15 alle 13:00 e dalle 14:30 alle 18:30<\/p>\n<p><strong style=\"float: left; width: 120px;\">Marted\u00ec:<\/strong> dalle 08:15 alle 13:00 e dalle 14:30 alle 18:30<\/p>\n<p><strong style=\"float: left; width: 120px;\">Mercoled\u00ec:<\/strong> dalle 08:15 alle 13:00 e dalle 14:30 alle 18:30<\/p>\n<p><strong style=\"float: left; width: 120px;\">Gioved\u00ec:<\/strong> dalle 08:15 alle 13:00 e dalle 14:30 alle 18:30<\/p>\n<p><strong style=\"float: left; width: 120px;\">Venerd\u00ec:<\/strong> dalle 08:15 alle 13:00 e dalle 14:30 alle 18:30<\/p>\n<p><strong style=\"float: left; width: 120px;\">Sabato:<\/strong> dalle 08:15 alle 13:00 e dalle 14:30 alle 18:30<\/p>\n<p><strong>Domenica: \u00a0 \u00a0 \u00a0<\/strong> chiuso<\/p>\n<p>&nbsp;<\/p>\n<h2 style=\"text-align: left;\">Orari di apertura straordinari 2025:<\/h2>\n<p>&nbsp;<\/p>\n","protected":false},"excerpt":{"rendered":"<p>Benvenuto nella farmacia citt\u00e0 di Vipetino. Siamo a disposizione negli seguenti orari di apertura. Attendiamo con ansia la sua visita! Orari di apertura: Luned\u00ec: dalle 08:15 alle 13:00 e dalle 14:30 alle 18:30 Marted\u00ec: dalle 08:15 alle 13:00 e dalle 14:30 alle 18:30 Mercoled\u00ec: dalle 08:15 alle 13:00 e dalle 14:30 alle 18:30 Gioved\u00ec: dalle [&hellip;]<\/p>\n","protected":false},"author":2,"featured_media":0,"parent":0,"menu_order":50,"comment_status":"closed","ping_status":"closed","template":"","meta":{"footnotes":""},"class_list":["post-278","page","type-page","status-publish","hentry"],"yoast_head":"<!-- This site is optimized with the Yoast SEO plugin v27.0 - https:\/\/yoast.com\/product\/yoast-seo-wordpress\/ -->\n<title>Orari di apertura - Farmacia Citt\u00e0<\/title>\n<meta name=\"robots\" content=\"index, follow, max-snippet:-1, max-image-preview:large, max-video-preview:-1\" \/>\n<link rel=\"canonical\" href=\"https:\/\/www.apothekesterzing.com\/it\/orari-di-apertura\/\" \/>\n<meta property=\"og:locale\" content=\"it_IT\" \/>\n<meta property=\"og:type\" content=\"article\" \/>\n<meta property=\"og:title\" content=\"Orari di apertura - Farmacia Citt\u00e0\" \/>\n<meta property=\"og:description\" content=\"Benvenuto nella farmacia citt\u00e0 di Vipetino. Siamo a disposizione negli seguenti orari di apertura. Attendiamo con ansia la sua visita! Orari di apertura: Luned\u00ec: dalle 08:15 alle 13:00 e dalle 14:30 alle 18:30 Marted\u00ec: dalle 08:15 alle 13:00 e dalle 14:30 alle 18:30 Mercoled\u00ec: dalle 08:15 alle 13:00 e dalle 14:30 alle 18:30 Gioved\u00ec: dalle [&hellip;]\" \/>\n<meta property=\"og:url\" content=\"https:\/\/www.apothekesterzing.com\/it\/orari-di-apertura\/\" \/>\n<meta property=\"og:site_name\" content=\"Farmacia Citt\u00e0\" \/>\n<meta property=\"article:publisher\" content=\"https:\/\/www.facebook.com\/aposterzing\/\" \/>\n<meta property=\"article:modified_time\" content=\"2025-01-07T08:24:50+00:00\" \/>\n<meta name=\"twitter:card\" content=\"summary_large_image\" \/>\n<script type=\"application\/ld+json\" class=\"yoast-schema-graph\">{\"@context\":\"https:\/\/schema.org\",\"@graph\":[{\"@type\":\"WebPage\",\"@id\":\"https:\/\/www.apothekesterzing.com\/it\/orari-di-apertura\/\",\"url\":\"https:\/\/www.apothekesterzing.com\/it\/orari-di-apertura\/\",\"name\":\"Orari di apertura - Farmacia Citt\u00e0\",\"isPartOf\":{\"@id\":\"https:\/\/www.apothekesterzing.com\/it\/#website\"},\"datePublished\":\"2016-10-12T11:38:32+00:00\",\"dateModified\":\"2025-01-07T08:24:50+00:00\",\"breadcrumb\":{\"@id\":\"https:\/\/www.apothekesterzing.com\/it\/orari-di-apertura\/#breadcrumb\"},\"inLanguage\":\"it-IT\",\"potentialAction\":[{\"@type\":\"ReadAction\",\"target\":[\"https:\/\/www.apothekesterzing.com\/it\/orari-di-apertura\/\"]}]},{\"@type\":\"BreadcrumbList\",\"@id\":\"https:\/\/www.apothekesterzing.com\/it\/orari-di-apertura\/#breadcrumb\",\"itemListElement\":[{\"@type\":\"ListItem\",\"position\":1,\"name\":\"Home\",\"item\":\"https:\/\/www.apothekesterzing.com\/it\/\"},{\"@type\":\"ListItem\",\"position\":2,\"name\":\"Orari di apertura\"}]},{\"@type\":\"WebSite\",\"@id\":\"https:\/\/www.apothekesterzing.com\/it\/#website\",\"url\":\"https:\/\/www.apothekesterzing.com\/it\/\",\"name\":\"Farmacia Citt\u00e0\",\"description\":\"\",\"potentialAction\":[{\"@type\":\"SearchAction\",\"target\":{\"@type\":\"EntryPoint\",\"urlTemplate\":\"https:\/\/www.apothekesterzing.com\/it\/?s={search_term_string}\"},\"query-input\":{\"@type\":\"PropertyValueSpecification\",\"valueRequired\":true,\"valueName\":\"search_term_string\"}}],\"inLanguage\":\"it-IT\"}]}<\/script>\n<!-- \/ Yoast SEO plugin. -->","yoast_head_json":{"title":"Orari di apertura - Farmacia Citt\u00e0","robots":{"index":"index","follow":"follow","max-snippet":"max-snippet:-1","max-image-preview":"max-image-preview:large","max-video-preview":"max-video-preview:-1"},"canonical":"https:\/\/www.apothekesterzing.com\/it\/orari-di-apertura\/","og_locale":"it_IT","og_type":"article","og_title":"Orari di apertura - Farmacia Citt\u00e0","og_description":"Benvenuto nella farmacia citt\u00e0 di Vipetino. Siamo a disposizione negli seguenti orari di apertura. Attendiamo con ansia la sua visita! Orari di apertura: Luned\u00ec: dalle 08:15 alle 13:00 e dalle 14:30 alle 18:30 Marted\u00ec: dalle 08:15 alle 13:00 e dalle 14:30 alle 18:30 Mercoled\u00ec: dalle 08:15 alle 13:00 e dalle 14:30 alle 18:30 Gioved\u00ec: dalle [&hellip;]","og_url":"https:\/\/www.apothekesterzing.com\/it\/orari-di-apertura\/","og_site_name":"Farmacia Citt\u00e0","article_publisher":"https:\/\/www.facebook.com\/aposterzing\/","article_modified_time":"2025-01-07T08:24:50+00:00","twitter_card":"summary_large_image","schema":{"@context":"https:\/\/schema.org","@graph":[{"@type":"WebPage","@id":"https:\/\/www.apothekesterzing.com\/it\/orari-di-apertura\/","url":"https:\/\/www.apothekesterzing.com\/it\/orari-di-apertura\/","name":"Orari di apertura - Farmacia Citt\u00e0","isPartOf":{"@id":"https:\/\/www.apothekesterzing.com\/it\/#website"},"datePublished":"2016-10-12T11:38:32+00:00","dateModified":"2025-01-07T08:24:50+00:00","breadcrumb":{"@id":"https:\/\/www.apothekesterzing.com\/it\/orari-di-apertura\/#breadcrumb"},"inLanguage":"it-IT","potentialAction":[{"@type":"ReadAction","target":["https:\/\/www.apothekesterzing.com\/it\/orari-di-apertura\/"]}]},{"@type":"BreadcrumbList","@id":"https:\/\/www.apothekesterzing.com\/it\/orari-di-apertura\/#breadcrumb","itemListElement":[{"@type":"ListItem","position":1,"name":"Home","item":"https:\/\/www.apothekesterzing.com\/it\/"},{"@type":"ListItem","position":2,"name":"Orari di apertura"}]},{"@type":"WebSite","@id":"https:\/\/www.apothekesterzing.com\/it\/#website","url":"https:\/\/www.apothekesterzing.com\/it\/","name":"Farmacia Citt\u00e0","description":"","potentialAction":[{"@type":"SearchAction","target":{"@type":"EntryPoint","urlTemplate":"https:\/\/www.apothekesterzing.com\/it\/?s={search_term_string}"},"query-input":{"@type":"PropertyValueSpecification","valueRequired":true,"valueName":"search_term_string"}}],"inLanguage":"it-IT"}]}},"_links":{"self":[{"href":"https:\/\/www.apothekesterzing.com\/it\/wp-json\/wp\/v2\/pages\/278","targetHints":{"allow":["GET"]}}],"collection":[{"href":"https:\/\/www.apothekesterzing.com\/it\/wp-json\/wp\/v2\/pages"}],"about":[{"href":"https:\/\/www.apothekesterzing.com\/it\/wp-json\/wp\/v2\/types\/page"}],"author":[{"embeddable":true,"href":"https:\/\/www.apothekesterzing.com\/it\/wp-json\/wp\/v2\/users\/2"}],"replies":[{"embeddable":true,"href":"https:\/\/www.apothekesterzing.com\/it\/wp-json\/wp\/v2\/comments?post=278"}],"version-history":[{"count":0,"href":"https:\/\/www.apothekesterzing.com\/it\/wp-json\/wp\/v2\/pages\/278\/revisions"}],"wp:attachment":[{"href":"https:\/\/www.apothekesterzing.com\/it\/wp-json\/wp\/v2\/media?parent=278"}],"curies":[{"name":"wp","href":"https:\/\/api.w.org\/{rel}","templated":true}]}}