{"id":228,"date":"2016-09-30T13:57:47","date_gmt":"2016-09-30T13:57:47","guid":{"rendered":"http:\/\/aposterzing.wpengine.com\/it\/?page_id=228"},"modified":"2025-08-21T11:15:38","modified_gmt":"2025-08-21T09:15:38","slug":"chi-siamo","status":"publish","type":"page","link":"https:\/\/www.apothekesterzing.com\/it\/chi-siamo\/","title":{"rendered":"Chi siamo"},"content":{"rendered":"<p>La <strong>Farmacia Citt\u00e0 di Vipiteno<\/strong> esiste gi\u00e0 da molto tempo. Dal 1736 vantiamo la fiducia dei nostri clienti. Per poter contare su di voi oggi come in futuro, ampliamo continuamente la nostra gamma e ci sforziamo costantemente di offrivi <strong>un buon servizio<\/strong>.<\/p>\n<h2 style=\"page-break-after: auto; margin: 14.95pt 0cm 14.95pt 0cm;\"><span lang=\"IT\">Dal passato al presente<\/span><\/h2>\n<p>Josef Fontana <strong>fu colui che diresse la Farmacia Citt\u00e0 a partire dal 1736<\/strong>, a quei tempi ancora collocata nell&#8217;odierna residenza Wiedner che si trova sul lato ovest della Citt\u00e0 Nuova.<\/p>\n<figure id=\"attachment_105\" aria-describedby=\"caption-attachment-105\" style=\"width: 281px\" class=\"wp-caption alignright\"><img loading=\"lazy\" decoding=\"async\" class=\"wp-image-105 size-medium\" src=\"https:\/\/www.apothekesterzing.com\/wp-content\/uploads\/2016\/08\/gegenwart-stadtapotheke-sterzing-281x300.jpg\" alt=\"gegenwart-stadtapotheke-sterzing\" width=\"281\" height=\"300\" srcset=\"https:\/\/www.apothekesterzing.com\/wp-content\/uploads\/2016\/08\/gegenwart-stadtapotheke-sterzing-281x300.jpg 281w, https:\/\/www.apothekesterzing.com\/wp-content\/uploads\/2016\/08\/gegenwart-stadtapotheke-sterzing-400x428.jpg 400w, https:\/\/www.apothekesterzing.com\/wp-content\/uploads\/2016\/08\/gegenwart-stadtapotheke-sterzing-768x821.jpg 768w, https:\/\/www.apothekesterzing.com\/wp-content\/uploads\/2016\/08\/gegenwart-stadtapotheke-sterzing-957x1024.jpg 957w, https:\/\/www.apothekesterzing.com\/wp-content\/uploads\/2016\/08\/gegenwart-stadtapotheke-sterzing-159x170.jpg 159w, https:\/\/www.apothekesterzing.com\/wp-content\/uploads\/2016\/08\/gegenwart-stadtapotheke-sterzing-300x321.jpg 300w, https:\/\/www.apothekesterzing.com\/wp-content\/uploads\/2016\/08\/gegenwart-stadtapotheke-sterzing-450x481.jpg 450w, https:\/\/www.apothekesterzing.com\/wp-content\/uploads\/2016\/08\/gegenwart-stadtapotheke-sterzing.jpg 1194w\" sizes=\"auto, (max-width: 281px) 100vw, 281px\" \/><figcaption id=\"caption-attachment-105\" class=\"wp-caption-text\">Nel 2003, il Dott.Walter Mair acquist\u00f2 la farmacia e sin da allora ha continuato ad ampliarla<\/figcaption><\/figure>\n<p><strong>Nel 1757 <\/strong>venne ceduta a Johann Leichter, che ottenne dal consiglio comunale il permesso di dirigere la farmacia, sebbene non potesse presentare un titolo riconosciuto per farmacisti. Nello stesso anno, Leichter acquist\u00f2 i due cosiddetti palazzi municipali Selauerisch vicino alla Torre delle Dodici e l\u00ec fond\u00f2 la farmacia. Fino ad oggi, la Farmacia Citt\u00e0 \u00e8 collegata a questo palazzo e fino al 2002 \u00e8 rimasta di propriet\u00e0 della stessa famiglia.<\/p>\n<p>Nel 1993 il farmacista Peter Langer, il cui antenato fu Johann Leichter, trasfer\u00ec la Farmacia Citt\u00e0 (ex Farmacia Kofler) in un unico edificio, appena costruito, in prossimit\u00e0 nella piazza della citt\u00e0. Al posto di una serie di piccoli edifici sorse una grande farmacia municipale.<\/p>\n<p><strong>Nel 2003<\/strong> la farmacia <strong>fu acquistata dal Dott. Walter Mair<\/strong> e da allora completamente ristrutturata. Negli anni successivi, la farmacia venne ristrutturata pi\u00f9 volte e la gamma \u00e8 stata continuamente ampliata, con ad esempio prodotti per celiaci e cosmetici.<\/p>\n<p>&nbsp;<\/p>\n<h2 style=\"page-break-after: auto; margin: 14.95pt 0cm 14.95pt 0cm;\"><span lang=\"IT\">Il nostro team e i nostri servizi<\/span><\/h2>\n<p>Disponiamo di <strong>un team competente<\/strong> composto da cinque farmacisti, quattro assistenti di farmacia, due estetiste, una magazziniere, due assistenti di laboratorio, una donna delle pulizie e un fornitore per pannoloni per adulti. Inoltre, il nostro &#8220;Robby&#8221;, un magazzino automatico della societ\u00e0 Gollmann, ci supporta nel lavoro.<\/p>\n<figure id=\"attachment_7721\" aria-describedby=\"caption-attachment-7721\" style=\"width: 900px\" class=\"wp-caption alignnone\"><img loading=\"lazy\" decoding=\"async\" class=\"wp-image-7721 size-article-wide-900px\" src=\"https:\/\/www.apothekesterzing.com\/wp-content\/uploads\/2025\/08\/Team-der-Stadtapotheke-Sterzing-900x450.jpg\" alt=\"\" width=\"900\" height=\"450\" \/><figcaption id=\"caption-attachment-7721\" class=\"wp-caption-text\">Il nostro team competente \u00e8 pronto ad evadere le vostre richieste<\/figcaption><\/figure>\n<p>Nel corso degli anni abbiamo fidelizzato <strong>una vasta rete di clienti abituali<\/strong> che amano tornare da noi perch\u00e9 apprezzano il nostro servizio. Dai nostri clienti riceviamo regolarmente feedback sui prodotti. In questo modo sappiamo cosa serve e possiamo adeguare rispettivamente il nostro assortimento.<\/p>\n<p>I nostri clienti sanno apprezzare principalmente <strong>la sicurezza che diamo loro<\/strong>. Siamo costantemente impegnati a fornire ai nostri clienti <strong>una consulenza competente e a rispondere alle loro domande<\/strong>. In modo che i farmaci vengano assunti correttamente, scriviamo sempre sulla confezione quando questi ultimi vanno assunti, ad es.: 1 al mattino, 0 a mezzogiorno, 1 alla sera.<\/p>\n","protected":false},"excerpt":{"rendered":"<p>La Farmacia Citt\u00e0 di Vipiteno esiste gi\u00e0 da molto tempo. Dal 1736 vantiamo la fiducia dei nostri clienti. Per poter contare su di voi oggi come in futuro, ampliamo continuamente la nostra gamma e ci sforziamo costantemente di offrivi un buon servizio. Dal passato al presente Josef Fontana fu colui che diresse la Farmacia Citt\u00e0 [&hellip;]<\/p>\n","protected":false},"author":2,"featured_media":7723,"parent":0,"menu_order":50,"comment_status":"closed","ping_status":"closed","template":"","meta":{"footnotes":""},"class_list":["post-228","page","type-page","status-publish","has-post-thumbnail","hentry"],"yoast_head":"<!-- This site is optimized with the Yoast SEO plugin v27.0 - https:\/\/yoast.com\/product\/yoast-seo-wordpress\/ -->\n<title>Chi siamo | Farmacia Citt\u00e0 di Vipiteno<\/title>\n<meta name=\"description\" content=\"Disponiamo di un team competente composto da 4 farmacisti, 4 assistenti di farmacia, 2 estetiste, 1 magazziniere e 3 assistenti di laboratorio.\" \/>\n<meta name=\"robots\" content=\"index, follow, max-snippet:-1, max-image-preview:large, max-video-preview:-1\" \/>\n<link rel=\"canonical\" href=\"https:\/\/www.apothekesterzing.com\/it\/chi-siamo\/\" \/>\n<meta property=\"og:locale\" content=\"it_IT\" \/>\n<meta property=\"og:type\" content=\"article\" \/>\n<meta property=\"og:title\" content=\"Chi siamo | Farmacia Citt\u00e0 di Vipiteno\" \/>\n<meta property=\"og:description\" content=\"Disponiamo di un team competente composto da 4 farmacisti, 4 assistenti di farmacia, 2 estetiste, 1 magazziniere e 3 assistenti di laboratorio.\" \/>\n<meta property=\"og:url\" content=\"https:\/\/www.apothekesterzing.com\/it\/chi-siamo\/\" \/>\n<meta property=\"og:site_name\" content=\"Farmacia Citt\u00e0\" \/>\n<meta property=\"article:publisher\" content=\"https:\/\/www.facebook.com\/aposterzing\/\" \/>\n<meta property=\"article:modified_time\" content=\"2025-08-21T09:15:38+00:00\" \/>\n<meta property=\"og:image\" content=\"https:\/\/www.apothekesterzing.com\/wp-content\/uploads\/2016\/08\/stadtapotheke-sterzing.jpg\" \/>\n\t<meta property=\"og:image:width\" content=\"1916\" \/>\n\t<meta property=\"og:image:height\" content=\"1277\" \/>\n\t<meta property=\"og:image:type\" content=\"image\/jpeg\" \/>\n<meta name=\"twitter:card\" content=\"summary_large_image\" \/>\n<meta name=\"twitter:label1\" content=\"Tempo di lettura stimato\" \/>\n\t<meta name=\"twitter:data1\" content=\"3 minuti\" \/>\n<script type=\"application\/ld+json\" class=\"yoast-schema-graph\">{\"@context\":\"https:\/\/schema.org\",\"@graph\":[{\"@type\":\"WebPage\",\"@id\":\"https:\/\/www.apothekesterzing.com\/it\/chi-siamo\/\",\"url\":\"https:\/\/www.apothekesterzing.com\/it\/chi-siamo\/\",\"name\":\"Chi siamo | Farmacia Citt\u00e0 di Vipiteno\",\"isPartOf\":{\"@id\":\"https:\/\/www.apothekesterzing.com\/it\/#website\"},\"primaryImageOfPage\":{\"@id\":\"https:\/\/www.apothekesterzing.com\/it\/chi-siamo\/#primaryimage\"},\"image\":{\"@id\":\"https:\/\/www.apothekesterzing.com\/it\/chi-siamo\/#primaryimage\"},\"thumbnailUrl\":\"https:\/\/www.apothekesterzing.com\/wp-content\/uploads\/2016\/08\/stadtapotheke-sterzing.jpg\",\"datePublished\":\"2016-09-30T13:57:47+00:00\",\"dateModified\":\"2025-08-21T09:15:38+00:00\",\"description\":\"Disponiamo di un team competente composto da 4 farmacisti, 4 assistenti di farmacia, 2 estetiste, 1 magazziniere e 3 assistenti di laboratorio.\",\"breadcrumb\":{\"@id\":\"https:\/\/www.apothekesterzing.com\/it\/chi-siamo\/#breadcrumb\"},\"inLanguage\":\"it-IT\",\"potentialAction\":[{\"@type\":\"ReadAction\",\"target\":[\"https:\/\/www.apothekesterzing.com\/it\/chi-siamo\/\"]}]},{\"@type\":\"ImageObject\",\"inLanguage\":\"it-IT\",\"@id\":\"https:\/\/www.apothekesterzing.com\/it\/chi-siamo\/#primaryimage\",\"url\":\"https:\/\/www.apothekesterzing.com\/wp-content\/uploads\/2016\/08\/stadtapotheke-sterzing.jpg\",\"contentUrl\":\"https:\/\/www.apothekesterzing.com\/wp-content\/uploads\/2016\/08\/stadtapotheke-sterzing.jpg\",\"width\":1916,\"height\":1277},{\"@type\":\"BreadcrumbList\",\"@id\":\"https:\/\/www.apothekesterzing.com\/it\/chi-siamo\/#breadcrumb\",\"itemListElement\":[{\"@type\":\"ListItem\",\"position\":1,\"name\":\"Home\",\"item\":\"https:\/\/www.apothekesterzing.com\/it\/\"},{\"@type\":\"ListItem\",\"position\":2,\"name\":\"Chi siamo\"}]},{\"@type\":\"WebSite\",\"@id\":\"https:\/\/www.apothekesterzing.com\/it\/#website\",\"url\":\"https:\/\/www.apothekesterzing.com\/it\/\",\"name\":\"Farmacia Citt\u00e0\",\"description\":\"\",\"potentialAction\":[{\"@type\":\"SearchAction\",\"target\":{\"@type\":\"EntryPoint\",\"urlTemplate\":\"https:\/\/www.apothekesterzing.com\/it\/?s={search_term_string}\"},\"query-input\":{\"@type\":\"PropertyValueSpecification\",\"valueRequired\":true,\"valueName\":\"search_term_string\"}}],\"inLanguage\":\"it-IT\"}]}<\/script>\n<!-- \/ Yoast SEO plugin. -->","yoast_head_json":{"title":"Chi siamo | Farmacia Citt\u00e0 di Vipiteno","description":"Disponiamo di un team competente composto da 4 farmacisti, 4 assistenti di farmacia, 2 estetiste, 1 magazziniere e 3 assistenti di laboratorio.","robots":{"index":"index","follow":"follow","max-snippet":"max-snippet:-1","max-image-preview":"max-image-preview:large","max-video-preview":"max-video-preview:-1"},"canonical":"https:\/\/www.apothekesterzing.com\/it\/chi-siamo\/","og_locale":"it_IT","og_type":"article","og_title":"Chi siamo | Farmacia Citt\u00e0 di Vipiteno","og_description":"Disponiamo di un team competente composto da 4 farmacisti, 4 assistenti di farmacia, 2 estetiste, 1 magazziniere e 3 assistenti di laboratorio.","og_url":"https:\/\/www.apothekesterzing.com\/it\/chi-siamo\/","og_site_name":"Farmacia Citt\u00e0","article_publisher":"https:\/\/www.facebook.com\/aposterzing\/","article_modified_time":"2025-08-21T09:15:38+00:00","og_image":[{"width":1916,"height":1277,"url":"https:\/\/www.apothekesterzing.com\/wp-content\/uploads\/2016\/08\/stadtapotheke-sterzing.jpg","type":"image\/jpeg"}],"twitter_card":"summary_large_image","twitter_misc":{"Tempo di lettura stimato":"3 minuti"},"schema":{"@context":"https:\/\/schema.org","@graph":[{"@type":"WebPage","@id":"https:\/\/www.apothekesterzing.com\/it\/chi-siamo\/","url":"https:\/\/www.apothekesterzing.com\/it\/chi-siamo\/","name":"Chi siamo | Farmacia Citt\u00e0 di Vipiteno","isPartOf":{"@id":"https:\/\/www.apothekesterzing.com\/it\/#website"},"primaryImageOfPage":{"@id":"https:\/\/www.apothekesterzing.com\/it\/chi-siamo\/#primaryimage"},"image":{"@id":"https:\/\/www.apothekesterzing.com\/it\/chi-siamo\/#primaryimage"},"thumbnailUrl":"https:\/\/www.apothekesterzing.com\/wp-content\/uploads\/2016\/08\/stadtapotheke-sterzing.jpg","datePublished":"2016-09-30T13:57:47+00:00","dateModified":"2025-08-21T09:15:38+00:00","description":"Disponiamo di un team competente composto da 4 farmacisti, 4 assistenti di farmacia, 2 estetiste, 1 magazziniere e 3 assistenti di laboratorio.","breadcrumb":{"@id":"https:\/\/www.apothekesterzing.com\/it\/chi-siamo\/#breadcrumb"},"inLanguage":"it-IT","potentialAction":[{"@type":"ReadAction","target":["https:\/\/www.apothekesterzing.com\/it\/chi-siamo\/"]}]},{"@type":"ImageObject","inLanguage":"it-IT","@id":"https:\/\/www.apothekesterzing.com\/it\/chi-siamo\/#primaryimage","url":"https:\/\/www.apothekesterzing.com\/wp-content\/uploads\/2016\/08\/stadtapotheke-sterzing.jpg","contentUrl":"https:\/\/www.apothekesterzing.com\/wp-content\/uploads\/2016\/08\/stadtapotheke-sterzing.jpg","width":1916,"height":1277},{"@type":"BreadcrumbList","@id":"https:\/\/www.apothekesterzing.com\/it\/chi-siamo\/#breadcrumb","itemListElement":[{"@type":"ListItem","position":1,"name":"Home","item":"https:\/\/www.apothekesterzing.com\/it\/"},{"@type":"ListItem","position":2,"name":"Chi siamo"}]},{"@type":"WebSite","@id":"https:\/\/www.apothekesterzing.com\/it\/#website","url":"https:\/\/www.apothekesterzing.com\/it\/","name":"Farmacia Citt\u00e0","description":"","potentialAction":[{"@type":"SearchAction","target":{"@type":"EntryPoint","urlTemplate":"https:\/\/www.apothekesterzing.com\/it\/?s={search_term_string}"},"query-input":{"@type":"PropertyValueSpecification","valueRequired":true,"valueName":"search_term_string"}}],"inLanguage":"it-IT"}]}},"_links":{"self":[{"href":"https:\/\/www.apothekesterzing.com\/it\/wp-json\/wp\/v2\/pages\/228","targetHints":{"allow":["GET"]}}],"collection":[{"href":"https:\/\/www.apothekesterzing.com\/it\/wp-json\/wp\/v2\/pages"}],"about":[{"href":"https:\/\/www.apothekesterzing.com\/it\/wp-json\/wp\/v2\/types\/page"}],"author":[{"embeddable":true,"href":"https:\/\/www.apothekesterzing.com\/it\/wp-json\/wp\/v2\/users\/2"}],"replies":[{"embeddable":true,"href":"https:\/\/www.apothekesterzing.com\/it\/wp-json\/wp\/v2\/comments?post=228"}],"version-history":[{"count":0,"href":"https:\/\/www.apothekesterzing.com\/it\/wp-json\/wp\/v2\/pages\/228\/revisions"}],"wp:featuredmedia":[{"embeddable":true,"href":"https:\/\/www.apothekesterzing.com\/it\/wp-json\/wp\/v2\/media\/7723"}],"wp:attachment":[{"href":"https:\/\/www.apothekesterzing.com\/it\/wp-json\/wp\/v2\/media?parent=228"}],"curies":[{"name":"wp","href":"https:\/\/api.w.org\/{rel}","templated":true}]}}