{"id":227,"date":"2016-09-30T13:49:21","date_gmt":"2016-09-30T13:49:21","guid":{"rendered":"http:\/\/aposterzing.wpengine.com\/it\/?page_id=227"},"modified":"2021-07-28T14:36:35","modified_gmt":"2021-07-28T14:36:35","slug":"carta-fedelta","status":"publish","type":"page","link":"https:\/\/www.apothekesterzing.com\/it\/carta-fedelta\/","title":{"rendered":"Carta fedelt\u00e0"},"content":{"rendered":"\n            <div class=\"l-column--24of24 sc-container sc-container--centered  \">\n<p>In qualit\u00e0 di cliente della Farmacia Citt\u00e0 di Vipiteno potete richiedere una <strong>carta fedelt\u00e0<\/strong>. Questo servizio \u00e8 <strong>ovviamente gratuito<\/strong> e vi permette di beneficiare di numerosi vantaggi.<\/p>\n<h2 style=\"page-break-after: auto; margin: 14.95pt 0cm 14.95pt 0cm;\"><span lang=\"IT\">Panoramica dei vantaggi della carta fedelt\u00e0 della Farmacia Citt\u00e0 di Vipiteno<\/span><\/h2>\n<\/div>\n        \n\n            <div class=\"l-column--12of24 sc-icon-box sc-icon-box--single  \">\n                <i class=\"fa fa-search\" aria-hidden=\"true\"><\/i>\n                \n<h3 style=\"page-break-after: auto; margin: 14.05pt 0cm 14.05pt 0cm;\"><span lang=\"IT\">Controllo ottimale dei vostri farmaci<\/span><\/h3>\n<p>Se optate per una carta fedelt\u00e0, sapremo esattamente quali farmaci state assumendo. Saranno presi in considerazione sia i prodotti originali che gli eventuali generici. In questo modo <strong>sarete protetti da potenziali interazioni<\/strong>.<\/p>\n\n                \n            <\/div>\n        \n\n            <div class=\"l-column--12of24 sc-icon-box sc-icon-box--single  \">\n                <i class=\"fa fa-shopping-cart\" aria-hidden=\"true\"><\/i>\n                \n<h3 style=\"page-break-after: auto; margin: 14.05pt 0cm 14.05pt 0cm;\"><span lang=\"IT\">Acquisti e risparmio<\/span><\/h3>\n<p>Con la Sua carta cliente ricevera <strong>1 punto per ogni Euro pagato per ogni acquisto<\/strong> (ad eccezione dei farmaci). A seconda del numero di punti \u00e8 possibile <strong>raccogliere <a href=\"https:\/\/www.apothekesterzing.com\/wp-content\/uploads\/2021\/07\/catalogo-bassa.pdf\" target=\"_blank\" rel=\"noopener\">bonus o buoni acquisto<\/a><\/strong>. I buoni sono validi anche nel nostro studio di cosmetici Pharmida.<\/p>\n\n                \n            <\/div>\n        \n\n            <div class=\"l-column--12of24 sc-icon-box sc-icon-box--single  \">\n                <i class=\"fa fa-money\" aria-hidden=\"true\"><\/i>\n                \n<h3 style=\"page-break-after: auto; margin: 14.05pt 0cm 14.05pt 0cm;\"><span lang=\"IT\">Semplice detrazione<\/span><\/h3>\n<p>Il vostro <strong>codice fiscale<\/strong> viene registrato automaticamente nella vostra scheda cliente per la detrazione fiscale.<\/p>\n\n                \n            <\/div>\n        \n\n            <div class=\"l-column--12of24 sc-icon-box sc-icon-box--single  \">\n                <i class=\"fa fa-phone\" aria-hidden=\"true\"><\/i>\n                \n<h3 style=\"page-break-after: auto; margin: 14.05pt 0cm 14.05pt 0cm;\"><span lang=\"IT\">Notifica telefonica<\/span><\/h3>\n<p>Se siete gi\u00e0 registrati nella nostra anagrafica clienti e ordinate un farmaco, vi informeremo sia <strong>telefonicamente che via SMS quando potete ritirare la merce<\/strong>.<\/p>\n\n                \n            <\/div>\n        \n\n            <div class=\"l-column--24of24 sc-container sc-container--centered  \">\n<p>&nbsp;<\/p>\n<h2 style=\"page-break-after: auto; margin: 14.95pt 0cm 14.95pt 0cm;\"><span lang=\"IT\">Da noi la protezione dati \u00e8 molto importante!<\/span><\/h2>\n<figure id=\"attachment_153\" aria-describedby=\"caption-attachment-153\" style=\"width: 300px\" class=\"wp-caption alignright\"><img loading=\"lazy\" decoding=\"async\" class=\"wp-image-153 size-medium\" src=\"https:\/\/www.apothekesterzing.com\/wp-content\/uploads\/2016\/08\/apotheke-kundenkarte-300x200.png\" alt=\"apotheke-kundenkarte\" width=\"300\" height=\"200\" srcset=\"https:\/\/www.apothekesterzing.com\/wp-content\/uploads\/2016\/08\/apotheke-kundenkarte-300x200.png 300w, https:\/\/www.apothekesterzing.com\/wp-content\/uploads\/2016\/08\/apotheke-kundenkarte-400x267.png 400w, https:\/\/www.apothekesterzing.com\/wp-content\/uploads\/2016\/08\/apotheke-kundenkarte-768x512.png 768w, https:\/\/www.apothekesterzing.com\/wp-content\/uploads\/2016\/08\/apotheke-kundenkarte-1024x682.png 1024w, https:\/\/www.apothekesterzing.com\/wp-content\/uploads\/2016\/08\/apotheke-kundenkarte-255x170.png 255w, https:\/\/www.apothekesterzing.com\/wp-content\/uploads\/2016\/08\/apotheke-kundenkarte-450x300.png 450w, https:\/\/www.apothekesterzing.com\/wp-content\/uploads\/2016\/08\/apotheke-kundenkarte.png 1916w\" sizes=\"auto, (max-width: 300px) 100vw, 300px\" \/><figcaption id=\"caption-attachment-153\" class=\"wp-caption-text\">Chi \u00e8 interessato ad avere una carta fedelt\u00e0 pu\u00f2 contattare uno dei nostri addetti<\/figcaption><\/figure>\n<p>Naturalmente la protezione dati ha la massima priorit\u00e0 nella Farmacia Citt\u00e0 di Vipiteno, pertanto <strong>trattiamo i vostri dati con molta attenzione<\/strong>. Li memorizziamo esclusivamente nell&#8217;ambito dell&#8217;impiego della nostra carta fedelt\u00e0 e non li divulghiamo a terzi.<\/p>\n<p><strong>Inoltre, abbiamo bisogno solo delle vostre credenziali:<\/strong><\/p>\n<ul>\n<li>nome e indirizzo<\/li>\n<li>informazioni di contatto<\/li>\n<li>la vostra assicurazione sanitaria e il codice fiscale<\/li>\n<li>il vostro consenso all&#8217;utilizzo dei dati<\/li>\n<\/ul>\n<p>Se interessati, si prega di richiedere la carta fedelt\u00e0 ad uno dei nostri addetti.<\/p>\n<\/div>\n        \n","protected":false},"excerpt":{"rendered":"","protected":false},"author":2,"featured_media":0,"parent":0,"menu_order":50,"comment_status":"closed","ping_status":"closed","template":"page-landing.php","meta":{"footnotes":""},"class_list":["post-227","page","type-page","status-publish","hentry"],"yoast_head":"<!-- This site is optimized with the Yoast SEO plugin v27.0 - https:\/\/yoast.com\/product\/yoast-seo-wordpress\/ -->\n<title>Carta fedelt\u00e0 - Farmacia Citt\u00e0<\/title>\n<meta name=\"robots\" content=\"index, follow, max-snippet:-1, max-image-preview:large, max-video-preview:-1\" \/>\n<link rel=\"canonical\" href=\"https:\/\/www.apothekesterzing.com\/it\/carta-fedelta\/\" \/>\n<meta property=\"og:locale\" content=\"it_IT\" \/>\n<meta property=\"og:type\" content=\"article\" \/>\n<meta property=\"og:title\" content=\"Carta fedelt\u00e0 - Farmacia Citt\u00e0\" \/>\n<meta property=\"og:url\" content=\"https:\/\/www.apothekesterzing.com\/it\/carta-fedelta\/\" \/>\n<meta property=\"og:site_name\" content=\"Farmacia Citt\u00e0\" \/>\n<meta property=\"article:publisher\" content=\"https:\/\/www.facebook.com\/aposterzing\/\" \/>\n<meta property=\"article:modified_time\" content=\"2021-07-28T14:36:35+00:00\" \/>\n<meta property=\"og:image\" content=\"https:\/\/www.apothekesterzing.com\/wp-content\/uploads\/2016\/08\/apotheke-kundenkarte-300x200.png\" \/>\n<meta name=\"twitter:card\" content=\"summary_large_image\" \/>\n<meta name=\"twitter:label1\" content=\"Tempo di lettura stimato\" \/>\n\t<meta name=\"twitter:data1\" content=\"1 minuto\" \/>\n<script type=\"application\/ld+json\" class=\"yoast-schema-graph\">{\"@context\":\"https:\/\/schema.org\",\"@graph\":[{\"@type\":\"WebPage\",\"@id\":\"https:\/\/www.apothekesterzing.com\/it\/carta-fedelta\/\",\"url\":\"https:\/\/www.apothekesterzing.com\/it\/carta-fedelta\/\",\"name\":\"Carta fedelt\u00e0 - Farmacia Citt\u00e0\",\"isPartOf\":{\"@id\":\"https:\/\/www.apothekesterzing.com\/it\/#website\"},\"primaryImageOfPage\":{\"@id\":\"https:\/\/www.apothekesterzing.com\/it\/carta-fedelta\/#primaryimage\"},\"image\":{\"@id\":\"https:\/\/www.apothekesterzing.com\/it\/carta-fedelta\/#primaryimage\"},\"thumbnailUrl\":\"https:\/\/www.apothekesterzing.com\/wp-content\/uploads\/2016\/08\/apotheke-kundenkarte-300x200.png\",\"datePublished\":\"2016-09-30T13:49:21+00:00\",\"dateModified\":\"2021-07-28T14:36:35+00:00\",\"breadcrumb\":{\"@id\":\"https:\/\/www.apothekesterzing.com\/it\/carta-fedelta\/#breadcrumb\"},\"inLanguage\":\"it-IT\",\"potentialAction\":[{\"@type\":\"ReadAction\",\"target\":[\"https:\/\/www.apothekesterzing.com\/it\/carta-fedelta\/\"]}]},{\"@type\":\"ImageObject\",\"inLanguage\":\"it-IT\",\"@id\":\"https:\/\/www.apothekesterzing.com\/it\/carta-fedelta\/#primaryimage\",\"url\":\"https:\/\/www.apothekesterzing.com\/wp-content\/uploads\/2016\/08\/apotheke-kundenkarte-300x200.png\",\"contentUrl\":\"https:\/\/www.apothekesterzing.com\/wp-content\/uploads\/2016\/08\/apotheke-kundenkarte-300x200.png\"},{\"@type\":\"BreadcrumbList\",\"@id\":\"https:\/\/www.apothekesterzing.com\/it\/carta-fedelta\/#breadcrumb\",\"itemListElement\":[{\"@type\":\"ListItem\",\"position\":1,\"name\":\"Home\",\"item\":\"https:\/\/www.apothekesterzing.com\/it\/\"},{\"@type\":\"ListItem\",\"position\":2,\"name\":\"Carta fedelt\u00e0\"}]},{\"@type\":\"WebSite\",\"@id\":\"https:\/\/www.apothekesterzing.com\/it\/#website\",\"url\":\"https:\/\/www.apothekesterzing.com\/it\/\",\"name\":\"Farmacia Citt\u00e0\",\"description\":\"\",\"potentialAction\":[{\"@type\":\"SearchAction\",\"target\":{\"@type\":\"EntryPoint\",\"urlTemplate\":\"https:\/\/www.apothekesterzing.com\/it\/?s={search_term_string}\"},\"query-input\":{\"@type\":\"PropertyValueSpecification\",\"valueRequired\":true,\"valueName\":\"search_term_string\"}}],\"inLanguage\":\"it-IT\"}]}<\/script>\n<!-- \/ Yoast SEO plugin. -->","yoast_head_json":{"title":"Carta fedelt\u00e0 - Farmacia Citt\u00e0","robots":{"index":"index","follow":"follow","max-snippet":"max-snippet:-1","max-image-preview":"max-image-preview:large","max-video-preview":"max-video-preview:-1"},"canonical":"https:\/\/www.apothekesterzing.com\/it\/carta-fedelta\/","og_locale":"it_IT","og_type":"article","og_title":"Carta fedelt\u00e0 - Farmacia Citt\u00e0","og_url":"https:\/\/www.apothekesterzing.com\/it\/carta-fedelta\/","og_site_name":"Farmacia Citt\u00e0","article_publisher":"https:\/\/www.facebook.com\/aposterzing\/","article_modified_time":"2021-07-28T14:36:35+00:00","og_image":[{"url":"https:\/\/www.apothekesterzing.com\/wp-content\/uploads\/2016\/08\/apotheke-kundenkarte-300x200.png","type":"","width":"","height":""}],"twitter_card":"summary_large_image","twitter_misc":{"Tempo di lettura stimato":"1 minuto"},"schema":{"@context":"https:\/\/schema.org","@graph":[{"@type":"WebPage","@id":"https:\/\/www.apothekesterzing.com\/it\/carta-fedelta\/","url":"https:\/\/www.apothekesterzing.com\/it\/carta-fedelta\/","name":"Carta fedelt\u00e0 - Farmacia Citt\u00e0","isPartOf":{"@id":"https:\/\/www.apothekesterzing.com\/it\/#website"},"primaryImageOfPage":{"@id":"https:\/\/www.apothekesterzing.com\/it\/carta-fedelta\/#primaryimage"},"image":{"@id":"https:\/\/www.apothekesterzing.com\/it\/carta-fedelta\/#primaryimage"},"thumbnailUrl":"https:\/\/www.apothekesterzing.com\/wp-content\/uploads\/2016\/08\/apotheke-kundenkarte-300x200.png","datePublished":"2016-09-30T13:49:21+00:00","dateModified":"2021-07-28T14:36:35+00:00","breadcrumb":{"@id":"https:\/\/www.apothekesterzing.com\/it\/carta-fedelta\/#breadcrumb"},"inLanguage":"it-IT","potentialAction":[{"@type":"ReadAction","target":["https:\/\/www.apothekesterzing.com\/it\/carta-fedelta\/"]}]},{"@type":"ImageObject","inLanguage":"it-IT","@id":"https:\/\/www.apothekesterzing.com\/it\/carta-fedelta\/#primaryimage","url":"https:\/\/www.apothekesterzing.com\/wp-content\/uploads\/2016\/08\/apotheke-kundenkarte-300x200.png","contentUrl":"https:\/\/www.apothekesterzing.com\/wp-content\/uploads\/2016\/08\/apotheke-kundenkarte-300x200.png"},{"@type":"BreadcrumbList","@id":"https:\/\/www.apothekesterzing.com\/it\/carta-fedelta\/#breadcrumb","itemListElement":[{"@type":"ListItem","position":1,"name":"Home","item":"https:\/\/www.apothekesterzing.com\/it\/"},{"@type":"ListItem","position":2,"name":"Carta fedelt\u00e0"}]},{"@type":"WebSite","@id":"https:\/\/www.apothekesterzing.com\/it\/#website","url":"https:\/\/www.apothekesterzing.com\/it\/","name":"Farmacia Citt\u00e0","description":"","potentialAction":[{"@type":"SearchAction","target":{"@type":"EntryPoint","urlTemplate":"https:\/\/www.apothekesterzing.com\/it\/?s={search_term_string}"},"query-input":{"@type":"PropertyValueSpecification","valueRequired":true,"valueName":"search_term_string"}}],"inLanguage":"it-IT"}]}},"_links":{"self":[{"href":"https:\/\/www.apothekesterzing.com\/it\/wp-json\/wp\/v2\/pages\/227","targetHints":{"allow":["GET"]}}],"collection":[{"href":"https:\/\/www.apothekesterzing.com\/it\/wp-json\/wp\/v2\/pages"}],"about":[{"href":"https:\/\/www.apothekesterzing.com\/it\/wp-json\/wp\/v2\/types\/page"}],"author":[{"embeddable":true,"href":"https:\/\/www.apothekesterzing.com\/it\/wp-json\/wp\/v2\/users\/2"}],"replies":[{"embeddable":true,"href":"https:\/\/www.apothekesterzing.com\/it\/wp-json\/wp\/v2\/comments?post=227"}],"version-history":[{"count":0,"href":"https:\/\/www.apothekesterzing.com\/it\/wp-json\/wp\/v2\/pages\/227\/revisions"}],"wp:attachment":[{"href":"https:\/\/www.apothekesterzing.com\/it\/wp-json\/wp\/v2\/media?parent=227"}],"curies":[{"name":"wp","href":"https:\/\/api.w.org\/{rel}","templated":true}]}}