{"id":225,"date":"2016-09-30T13:38:22","date_gmt":"2016-09-30T13:38:22","guid":{"rendered":"http:\/\/aposterzing.wpengine.com\/it\/?page_id=225"},"modified":"2017-09-08T08:54:34","modified_gmt":"2017-09-08T08:54:34","slug":"dove-siamo","status":"publish","type":"page","link":"https:\/\/www.apothekesterzing.com\/it\/dove-siamo\/","title":{"rendered":"Dove siamo"},"content":{"rendered":"\n<div class=\"brlbs-cmpnt-container brlbs-cmpnt-content-blocker brlbs-cmpnt-with-individual-styles\" data-borlabs-cookie-content-blocker-id=\"default\" data-borlabs-cookie-content=\"PGlmcmFtZSBzdHlsZT0iYm9yZGVyOiAwOyIgc3JjPSJodHRwczovL3d3dy5nb29nbGUuY29tL21hcHMvZW1iZWQ\/cGI9ITFtMTQhMW04ITFtMyExZDEwOTA0Ljc3MjczMjgyOTc5MyEyZDExLjQzMTQwMyEzZDQ2Ljg5ODkxOSEzbTIhMWkxMDI0ITJpNzY4ITRmMTMuMSEzbTMhMW0yITFzMHgwJTNBMHg5NTI3NTMyNTVkNTcwNjM5ITJzU3RhZHRhcG90aGVrZStGYXJtYWNpYStDaXR0YSchNWUwITNtMiExc2RlITJzdXMhNHYxNDcyNzE3ODY3OTI0IiB3aWR0aD0iMTAwJSIgaGVpZ2h0PSI0MDAiIGZyYW1lYm9yZGVyPSIwIiBhbGxvd2Z1bGxzY3JlZW49ImFsbG93ZnVsbHNjcmVlbiIgZGF0YS1tY2UtZnJhZ21lbnQ9IjEiPjwvaWZyYW1lPg==\">\n<div class=\"brlbs-cmpnt-cb-preset-a\">\n<p class=\"brlbs-cmpnt-cb-description\">Stai visualizzando un contenuto segnaposto da <strong>Predefinito<\/strong>. Per accedere al contenuto effettivo, clicca sul pulsante sottostante. Si prega di notare che in questo modo si condividono i dati con provider di terze parti.<\/p>\n<div class=\"brlbs-cmpnt-cb-buttons\"> <a class=\"brlbs-cmpnt-cb-btn\" href=\"#\" data-borlabs-cookie-unblock role=\"button\">Sblocca il contenuto<\/a> <a class=\"brlbs-cmpnt-cb-btn\" href=\"#\" data-borlabs-cookie-accept-service role=\"button\" style=\"display: none\">Accetta il servizio richiesto e sblocca i contenuti<\/a> <\/div>\n<p> <a class=\"brlbs-cmpnt-cb-provider-toggle\" href=\"#\" data-borlabs-cookie-show-provider-information role=\"button\">Ulteriori informazioni<\/a> <\/div>\n<\/div>\n\n            <div class=\"l-column--24of24 sc-container sc-container--centered  \">\n<p>Se non siete di Vipiteno, non \u00e8 cos\u00ec facile trovare la strada per raggiungere la nostra farmacia. Non appena vi trovate a Vipiteno, sar\u00e0 relativamente facile trovarci, orientandovi con<strong> la Torre delle Dodici, l&#8217;edificio pi\u00f9 alto della citt\u00e0<\/strong>. La nostra farmacia ci si trova proprio accanto.<\/p>\n<h2 style=\"page-break-after: auto; margin: 14.95pt 0cm 14.95pt 0cm;\"><span lang=\"IT\">Percorso arrivando dall&#8217;autostrada del Brennero e provenendo da nord:<\/span><\/h2>\n<p>Seguite questo percorso se venite <strong>dall&#8217;Austria o da nord di Vipiteno<\/strong>.<\/p>\n<ul>\n<li>Prendete la <strong>A22 in direzione Modena<\/strong>.<\/li>\n<li>Prendete l&#8217;<strong>uscita Vipiteno\/Sterzing.<\/strong><\/li>\n<li>Alla <strong>rotonda prendete la seconda uscita<\/strong> (Deutschhausstra\u00dfe) e proseguite sulla strada.<\/li>\n<li>Svoltate a destra nel <strong>Vicolo Mainardo II.<\/strong><\/li>\n<\/ul>\n<h2 style=\"page-break-after: auto; margin: 14.95pt 0cm 14.95pt 0cm;\"><span lang=\"IT\">Percorso arrivando dall&#8217;autostrada del Brennero e provenendo da sud:<\/span><\/h2>\n<p>Seguite questo percorso se venite da sud di Vipiteno.<\/p>\n<ul>\n<li>Prendete la <strong>A22 in direzione Brennero<\/strong>.<\/li>\n<li>Prendete l&#8217;<strong>uscita Vipiteno\/Sterzing.<\/strong><\/li>\n<li>Alla <strong>rotonda prendete la seconda uscita<\/strong> (Deutschhausstra\u00dfe) e proseguite sulla strada.<\/li>\n<li>Svoltate a destra nel <strong>Vicolo Mainardo II.<\/strong><\/li>\n<\/ul>\n<h2 style=\"page-break-after: auto; margin: 14.95pt 0cm 14.95pt 0cm;\"><span lang=\"IT\">Orientamento in Vipiteno:<\/span><\/h2>\n<p>La nostra farmacia si trova vicino alla Torre delle Dodici, l&#8217;edificio pi\u00f9 alto della citt\u00e0.<\/p>\n<ul>\n<li>Da nord proseguite verso il centro storico<strong> fino alla Piazza della citt\u00e0<\/strong> dove ci troviamo.<\/li>\n<li>\u00c8 possibile parcheggiare nel centro storico al <strong>parcheggio Steindl o Monte Cavallo.<\/strong><\/li>\n<li>Se provenite da sud, proseguite lungo la citt\u00e0 nuova <strong>fino alla Torre delle Dodici.<\/strong><\/li>\n<li>Da sud potete <strong>parcheggiare in Piazza Fuori Porta.<\/strong><\/li>\n<\/ul>\n<\/div>\n        \n<p>&nbsp;<\/p>\n","protected":false},"excerpt":{"rendered":"<p>Stai visualizzando un contenuto segnaposto da Predefinito. Per accedere al contenuto effettivo, clicca sul pulsante sottostante. Si prega di notare che in questo modo si condividono i dati con provider di terze parti. Sblocca il contenuto Accetta il servizio richiesto e sblocca i contenuti Ulteriori informazioni &nbsp;<\/p>\n","protected":false},"author":2,"featured_media":0,"parent":0,"menu_order":50,"comment_status":"closed","ping_status":"closed","template":"page-landing.php","meta":{"footnotes":""},"class_list":["post-225","page","type-page","status-publish","hentry"],"yoast_head":"<!-- This site is optimized with the Yoast SEO plugin v27.0 - https:\/\/yoast.com\/product\/yoast-seo-wordpress\/ -->\n<title>Dove siamo | Farmacia Citt\u00e0 di Vipiteno<\/title>\n<meta name=\"robots\" content=\"index, follow, max-snippet:-1, max-image-preview:large, max-video-preview:-1\" \/>\n<link rel=\"canonical\" href=\"https:\/\/www.apothekesterzing.com\/it\/dove-siamo\/\" \/>\n<meta property=\"og:locale\" content=\"it_IT\" \/>\n<meta property=\"og:type\" content=\"article\" \/>\n<meta property=\"og:title\" content=\"Dove siamo | Farmacia Citt\u00e0 di Vipiteno\" \/>\n<meta property=\"og:description\" content=\"Stai visualizzando un contenuto segnaposto da Predefinito. Per accedere al contenuto effettivo, clicca sul pulsante sottostante. Si prega di notare che in questo modo si condividono i dati con provider di terze parti. Sblocca il contenuto Accetta il servizio richiesto e sblocca i contenuti Ulteriori informazioni &nbsp;\" \/>\n<meta property=\"og:url\" content=\"https:\/\/www.apothekesterzing.com\/it\/dove-siamo\/\" \/>\n<meta property=\"og:site_name\" content=\"Farmacia Citt\u00e0\" \/>\n<meta property=\"article:publisher\" content=\"https:\/\/www.facebook.com\/aposterzing\/\" \/>\n<meta property=\"article:modified_time\" content=\"2017-09-08T08:54:34+00:00\" \/>\n<meta name=\"twitter:card\" content=\"summary_large_image\" \/>\n<meta name=\"twitter:label1\" content=\"Tempo di lettura stimato\" \/>\n\t<meta name=\"twitter:data1\" content=\"1 minuto\" \/>\n<script type=\"application\/ld+json\" class=\"yoast-schema-graph\">{\"@context\":\"https:\/\/schema.org\",\"@graph\":[{\"@type\":\"WebPage\",\"@id\":\"https:\/\/www.apothekesterzing.com\/it\/dove-siamo\/\",\"url\":\"https:\/\/www.apothekesterzing.com\/it\/dove-siamo\/\",\"name\":\"Dove siamo | Farmacia Citt\u00e0 di Vipiteno\",\"isPartOf\":{\"@id\":\"https:\/\/www.apothekesterzing.com\/it\/#website\"},\"datePublished\":\"2016-09-30T13:38:22+00:00\",\"dateModified\":\"2017-09-08T08:54:34+00:00\",\"breadcrumb\":{\"@id\":\"https:\/\/www.apothekesterzing.com\/it\/dove-siamo\/#breadcrumb\"},\"inLanguage\":\"it-IT\",\"potentialAction\":[{\"@type\":\"ReadAction\",\"target\":[\"https:\/\/www.apothekesterzing.com\/it\/dove-siamo\/\"]}]},{\"@type\":\"BreadcrumbList\",\"@id\":\"https:\/\/www.apothekesterzing.com\/it\/dove-siamo\/#breadcrumb\",\"itemListElement\":[{\"@type\":\"ListItem\",\"position\":1,\"name\":\"Home\",\"item\":\"https:\/\/www.apothekesterzing.com\/it\/\"},{\"@type\":\"ListItem\",\"position\":2,\"name\":\"Dove siamo\"}]},{\"@type\":\"WebSite\",\"@id\":\"https:\/\/www.apothekesterzing.com\/it\/#website\",\"url\":\"https:\/\/www.apothekesterzing.com\/it\/\",\"name\":\"Farmacia Citt\u00e0\",\"description\":\"\",\"potentialAction\":[{\"@type\":\"SearchAction\",\"target\":{\"@type\":\"EntryPoint\",\"urlTemplate\":\"https:\/\/www.apothekesterzing.com\/it\/?s={search_term_string}\"},\"query-input\":{\"@type\":\"PropertyValueSpecification\",\"valueRequired\":true,\"valueName\":\"search_term_string\"}}],\"inLanguage\":\"it-IT\"}]}<\/script>\n<!-- \/ Yoast SEO plugin. -->","yoast_head_json":{"title":"Dove siamo | Farmacia Citt\u00e0 di Vipiteno","robots":{"index":"index","follow":"follow","max-snippet":"max-snippet:-1","max-image-preview":"max-image-preview:large","max-video-preview":"max-video-preview:-1"},"canonical":"https:\/\/www.apothekesterzing.com\/it\/dove-siamo\/","og_locale":"it_IT","og_type":"article","og_title":"Dove siamo | Farmacia Citt\u00e0 di Vipiteno","og_description":"Stai visualizzando un contenuto segnaposto da Predefinito. Per accedere al contenuto effettivo, clicca sul pulsante sottostante. Si prega di notare che in questo modo si condividono i dati con provider di terze parti. Sblocca il contenuto Accetta il servizio richiesto e sblocca i contenuti Ulteriori informazioni &nbsp;","og_url":"https:\/\/www.apothekesterzing.com\/it\/dove-siamo\/","og_site_name":"Farmacia Citt\u00e0","article_publisher":"https:\/\/www.facebook.com\/aposterzing\/","article_modified_time":"2017-09-08T08:54:34+00:00","twitter_card":"summary_large_image","twitter_misc":{"Tempo di lettura stimato":"1 minuto"},"schema":{"@context":"https:\/\/schema.org","@graph":[{"@type":"WebPage","@id":"https:\/\/www.apothekesterzing.com\/it\/dove-siamo\/","url":"https:\/\/www.apothekesterzing.com\/it\/dove-siamo\/","name":"Dove siamo | Farmacia Citt\u00e0 di Vipiteno","isPartOf":{"@id":"https:\/\/www.apothekesterzing.com\/it\/#website"},"datePublished":"2016-09-30T13:38:22+00:00","dateModified":"2017-09-08T08:54:34+00:00","breadcrumb":{"@id":"https:\/\/www.apothekesterzing.com\/it\/dove-siamo\/#breadcrumb"},"inLanguage":"it-IT","potentialAction":[{"@type":"ReadAction","target":["https:\/\/www.apothekesterzing.com\/it\/dove-siamo\/"]}]},{"@type":"BreadcrumbList","@id":"https:\/\/www.apothekesterzing.com\/it\/dove-siamo\/#breadcrumb","itemListElement":[{"@type":"ListItem","position":1,"name":"Home","item":"https:\/\/www.apothekesterzing.com\/it\/"},{"@type":"ListItem","position":2,"name":"Dove siamo"}]},{"@type":"WebSite","@id":"https:\/\/www.apothekesterzing.com\/it\/#website","url":"https:\/\/www.apothekesterzing.com\/it\/","name":"Farmacia Citt\u00e0","description":"","potentialAction":[{"@type":"SearchAction","target":{"@type":"EntryPoint","urlTemplate":"https:\/\/www.apothekesterzing.com\/it\/?s={search_term_string}"},"query-input":{"@type":"PropertyValueSpecification","valueRequired":true,"valueName":"search_term_string"}}],"inLanguage":"it-IT"}]}},"_links":{"self":[{"href":"https:\/\/www.apothekesterzing.com\/it\/wp-json\/wp\/v2\/pages\/225","targetHints":{"allow":["GET"]}}],"collection":[{"href":"https:\/\/www.apothekesterzing.com\/it\/wp-json\/wp\/v2\/pages"}],"about":[{"href":"https:\/\/www.apothekesterzing.com\/it\/wp-json\/wp\/v2\/types\/page"}],"author":[{"embeddable":true,"href":"https:\/\/www.apothekesterzing.com\/it\/wp-json\/wp\/v2\/users\/2"}],"replies":[{"embeddable":true,"href":"https:\/\/www.apothekesterzing.com\/it\/wp-json\/wp\/v2\/comments?post=225"}],"version-history":[{"count":0,"href":"https:\/\/www.apothekesterzing.com\/it\/wp-json\/wp\/v2\/pages\/225\/revisions"}],"wp:attachment":[{"href":"https:\/\/www.apothekesterzing.com\/it\/wp-json\/wp\/v2\/media?parent=225"}],"curies":[{"name":"wp","href":"https:\/\/api.w.org\/{rel}","templated":true}]}}